{"id":551,"date":"2020-03-30T18:45:26","date_gmt":"2020-03-30T18:45:26","guid":{"rendered":"http:\/\/peterszabina.com\/?page_id=551"},"modified":"2023-10-07T12:21:05","modified_gmt":"2023-10-07T12:21:05","slug":"errol-az-egeszrol","status":"publish","type":"page","link":"https:\/\/peterszabina.com\/hu\/errol-az-egeszrol\/","title":{"rendered":"ERR\u0150L AZ EG\u00c9SZR\u0150L"},"content":{"rendered":"\n<figure class=\"wp-block-image size-medium is-style-rounded\"><img loading=\"lazy\" decoding=\"async\" width=\"300\" height=\"300\" src=\"http:\/\/peterszabina.com\/wp-content\/uploads\/2023\/10\/274607105_10224962469000178_3907024733773370382_n-300x300.jpg\" alt=\"\" class=\"wp-image-2328\" srcset=\"https:\/\/peterszabina.com\/wp-content\/uploads\/2023\/10\/274607105_10224962469000178_3907024733773370382_n-300x300.jpg 300w, https:\/\/peterszabina.com\/wp-content\/uploads\/2023\/10\/274607105_10224962469000178_3907024733773370382_n-150x150.jpg 150w, https:\/\/peterszabina.com\/wp-content\/uploads\/2023\/10\/274607105_10224962469000178_3907024733773370382_n-768x768.jpg 768w, https:\/\/peterszabina.com\/wp-content\/uploads\/2023\/10\/274607105_10224962469000178_3907024733773370382_n-800x800.jpg 800w, https:\/\/peterszabina.com\/wp-content\/uploads\/2023\/10\/274607105_10224962469000178_3907024733773370382_n-350x350.jpg 350w, https:\/\/peterszabina.com\/wp-content\/uploads\/2023\/10\/274607105_10224962469000178_3907024733773370382_n.jpg 960w\" sizes=\"auto, (max-width: 300px) 100vw, 300px\" \/><\/figure>\n\n\n\n<p>A term\u00e9szet, k\u00fcl\u00f6n\u00f6sen az ember abban val\u00f3 l\u00e9tez\u00e9se mindig is jelent\u0151s kiindul\u00f3- \u00e9s egyben f\u00f3kuszpontot jelentett munk\u00e1imban. Figyelmem ez\u00e1ltal a semmi, valamint a fogalmak \u00e9s a form\u00e1k \u00e1ltal struktur\u00e1lt vil\u00e1g k\u00f6z\u00f6tti z\u00f3na kutat\u00e1s\u00e1ra ir\u00e1nyul: azokra az elmozdul\u00e1sokra, amelyek \u00e1ltal a jelent\u00e9sek n\u00e9lk\u00fcli alaktalan form\u00e1t \u00f6lt, \u00e9s sz\u00fcks\u00e9gszer\u0171en kibocs\u00e1jtja mag\u00e1t az emberi tapasztalat megragad\u00e1s\u00e1nak. Annak, ami nem tulajdon\u00edt nagyobb jelent\u0151s\u00e9get egy jelens\u00e9g jelent\u00e9s\u00e9nek, mint anyagi jelenl\u00e9t\u00e9nek. Annak, ami sz\u00fcntelen\u00fcl \u00faj \u00e9rtelmez\u00e9seket keres, \u00e1tkonfigur\u00e1lva ezzel mindazt, ami egykor ismer\u0151snek t\u0171nt \u00e9s t\u0171nik \u00e9ppen.  <\/p>\n\n\n\n<p><\/p>\n","protected":false},"excerpt":{"rendered":"<p>A term\u00e9szet, k\u00fcl\u00f6n\u00f6sen az ember abban val\u00f3 l\u00e9tez\u00e9se mindig is jelent\u0151s kiindul\u00f3- \u00e9s egyben f\u00f3kuszpontot jelentett munk\u00e1imban. Figyelmem ez\u00e1ltal a semmi, valamint a fogalmak \u00e9s a form\u00e1k \u00e1ltal struktur\u00e1lt vil\u00e1g k\u00f6z\u00f6tti z\u00f3na kutat\u00e1s\u00e1ra ir\u00e1nyul: azokra az elmozdul\u00e1sokra, amelyek \u00e1ltal a jelent\u00e9sek n\u00e9lk\u00fcli alaktalan form\u00e1t \u00f6lt, \u00e9s sz\u00fcks\u00e9gszer\u0171en kibocs\u00e1jtja mag\u00e1t az emberi tapasztalat megragad\u00e1s\u00e1nak. Annak, ami [&hellip;]<\/p>\n","protected":false},"author":1,"featured_media":0,"parent":0,"menu_order":0,"comment_status":"closed","ping_status":"closed","template":"","meta":{"footnotes":""},"class_list":["post-551","page","type-page","status-publish","hentry"],"jetpack_sharing_enabled":true,"jetpack-related-posts":[],"_links":{"self":[{"href":"https:\/\/peterszabina.com\/hu\/wp-json\/wp\/v2\/pages\/551","targetHints":{"allow":["GET"]}}],"collection":[{"href":"https:\/\/peterszabina.com\/hu\/wp-json\/wp\/v2\/pages"}],"about":[{"href":"https:\/\/peterszabina.com\/hu\/wp-json\/wp\/v2\/types\/page"}],"author":[{"embeddable":true,"href":"https:\/\/peterszabina.com\/hu\/wp-json\/wp\/v2\/users\/1"}],"replies":[{"embeddable":true,"href":"https:\/\/peterszabina.com\/hu\/wp-json\/wp\/v2\/comments?post=551"}],"version-history":[{"count":5,"href":"https:\/\/peterszabina.com\/hu\/wp-json\/wp\/v2\/pages\/551\/revisions"}],"predecessor-version":[{"id":2564,"href":"https:\/\/peterszabina.com\/hu\/wp-json\/wp\/v2\/pages\/551\/revisions\/2564"}],"wp:attachment":[{"href":"https:\/\/peterszabina.com\/hu\/wp-json\/wp\/v2\/media?parent=551"}],"curies":[{"name":"wp","href":"https:\/\/api.w.org\/{rel}","templated":true}]}}